{"id":2446,"date":"2024-05-17T08:13:31","date_gmt":"2024-05-17T08:13:31","guid":{"rendered":"https:\/\/demo.bravisthemes.com\/herrington\/?post_type=product&#038;p=2446"},"modified":"2025-09-29T10:52:43","modified_gmt":"2025-09-29T08:52:43","slug":"uco-foam-one","status":"publish","type":"product","link":"https:\/\/ucobio.hu\/en\/product\/uco-foam-one\/","title":{"rendered":"UCO\u00aeFOAM ONE"},"content":{"rendered":"<p><strong>UCO\u00aeFOAM ONE<\/strong> \u2013 Universal foam cleaner with strong adhesive power.<\/p>\n<p>Az U<strong>CO\u00aeFOAM ONE<\/strong> is the number one powerful adhesive universal foam cleaner.<\/p>\n<p>The <strong>UCO\u00aeFOAM ONE<\/strong> is the new standard for cleaning pig, poultry, cattle farms and all other livestock and agrarian industry facilities (storage rooms, hatcheries, horticulture).<\/p>\n<p>The <strong>UCO\u00aeFOAM ONE<\/strong>is to be used when cleaning results need to meet the highest requirements:<\/p>\n<p><strong>Haszn\u00e1lat\u00e1nak el\u0151nyei:<\/strong><\/p>\n<p>\u2022 Faster cleaning time<\/p>\n<p>\u2022 Lower water consumption<\/p>\n<p>\u2022 Best cleaning performance (validated by ATP\/contamination levels\/\u2026.)<\/p>\n<p><strong>Properties:<\/strong><\/p>\n<p>\u2022 Best-in-class foaming.<\/p>\n<p>\u2022 Superior adhesion power on horizontal and vertical surfaces.<\/p>\n<p>\u2022 Contact time up to 60 minutes, boosting the cleaning performance.<\/p>\n<p>\u2022 Excelling dirt removal thanks to deep cleaning action.<\/p>\n<p>\u2022 Removal of wide spectrum of dirt: fat\/protein\/carbohydrates as in feed residues, manure and other typical soiling in animal houses.<\/p>\n<p>\u2022 Balancing and comprehensive economical dosing.<\/p>\n<p>\u2022 Safe for use as a cleaner of non-porous food contact surfaces in the food processing industry.<\/p>\n<p>\u2022 Meets biodegradability criteria and safety as required by EU.<\/p>\n<p><strong>Instructions for use<\/strong><\/p>\n<p><u>Pre cleaning:<\/u> remove litter, loose feed residues, etc prior to application of the <strong>UCO\u00aeFOAM ONE<\/strong> .<\/p>\n<p>Apply a 0,5-2% (cold water) <strong>UCO\u00aeFOAM ONE<\/strong> by means of foam gun, foam lance or equivalent equipment.<\/p>\n<p><strong>Validity period:<\/strong> Let the <strong>UCO\u00aeFOAM ONE<\/strong> do the job (during 10-60 min).<\/p>\n<p><strong>Do not let dry out.<\/strong><\/p>\n<p>Rinse the surfaces with water (medium (20-25 bar) or high pressure washer, depending on the level of contamination and surfaces specs.<\/p>\n<p>Leave the surfaces dry before apply the <strong>UCO\u00aeDES ONE<\/strong> or <strong>UCO\u00aeDES 3000<\/strong> disinfectant.<\/p>\n<p><strong>Packaging: <\/strong>22,5 kg<\/p>\n<p><strong>Safety instructions and storage conditions:<\/strong> View the latest safety data sheet for the product!<\/p>","protected":false},"excerpt":{"rendered":"<p>The <strong>UCO\u00aeFOAM ONE<\/strong> is the number one powerful adhesive universal foam cleaner.<\/p>","protected":false},"featured_media":18279,"template":"","meta":[],"product_brand":[],"product_cat":[65],"product_tag":[],"class_list":{"0":"post-2446","1":"product","2":"type-product","3":"status-publish","4":"has-post-thumbnail","6":"product_cat-baromfi_biosecurity","8":"first","9":"instock","10":"taxable","11":"shipping-taxable","12":"product-type-simple"},"_links":{"self":[{"href":"https:\/\/ucobio.hu\/en\/wp-json\/wp\/v2\/product\/2446","targetHints":{"allow":["GET"]}}],"collection":[{"href":"https:\/\/ucobio.hu\/en\/wp-json\/wp\/v2\/product"}],"about":[{"href":"https:\/\/ucobio.hu\/en\/wp-json\/wp\/v2\/types\/product"}],"wp:featuredmedia":[{"embeddable":true,"href":"https:\/\/ucobio.hu\/en\/wp-json\/wp\/v2\/media\/18279"}],"wp:attachment":[{"href":"https:\/\/ucobio.hu\/en\/wp-json\/wp\/v2\/media?parent=2446"}],"wp:term":[{"taxonomy":"product_brand","embeddable":true,"href":"https:\/\/ucobio.hu\/en\/wp-json\/wp\/v2\/product_brand?post=2446"},{"taxonomy":"product_cat","embeddable":true,"href":"https:\/\/ucobio.hu\/en\/wp-json\/wp\/v2\/product_cat?post=2446"},{"taxonomy":"product_tag","embeddable":true,"href":"https:\/\/ucobio.hu\/en\/wp-json\/wp\/v2\/product_tag?post=2446"}],"curies":[{"name":"wp","href":"https:\/\/api.w.org\/{rel}","templated":true}]}}